{"id":88481,"date":"2025-04-07T18:51:21","date_gmt":"2025-04-07T16:51:21","guid":{"rendered":"https:\/\/www.noraybio.com\/politica-de-seguranca-da-informacao\/"},"modified":"2025-04-07T18:51:21","modified_gmt":"2025-04-07T16:51:21","slug":"politica-de-seguranca-da-informacao","status":"publish","type":"page","link":"https:\/\/www.noraybio.com\/pt-pt\/politica-de-seguranca-da-informacao\/","title":{"rendered":"Pol\u00edtica de seguran\u00e7a da informa\u00e7\u00e3o"},"content":{"rendered":"<h4>COMUNICA\u00c7\u00c3O DA POL\u00cdTICA DE SEGURAN\u00c7A DA INFORMA\u00c7\u00c3O<\/h4>\n<p><strong>A Noray Bioinformatics, S.L.,<\/strong> em conson\u00e2ncia com os Objectivos de Desenvolvimento Sustent\u00e1vel (ODS) definidos pelas Na\u00e7\u00f5es Unidas, manifesta o seu firme <strong>compromisso<\/strong> de assegurar:<\/p>\n<ul>\n<li>A prote\u00e7\u00e3o dos dados pessoais.<\/li>\n<li>Preserva\u00e7\u00e3o da confidencialidade, integridade e disponibilidade das informa\u00e7\u00f5es geridas.<\/li>\n<\/ul>\n<h4>O nosso objetivo \u00e9 mobilizar os <strong>meios t\u00e9cnicos, humanos, materiais e organizacionais<\/strong> necess\u00e1rios:<\/h4>\n<ul>\n<li>Assegurar uma gest\u00e3o adequada da seguran\u00e7a da informa\u00e7\u00e3o.<\/li>\n<li>Reduzir a possibilidade de concretiza\u00e7\u00e3o de amea\u00e7as.<\/li>\n<li>E, embora a exist\u00eancia de incidentes de seguran\u00e7a seja inevit\u00e1vel, detect\u00e1-los, trat\u00e1-los a tempo, mitigar um impacto grave na informa\u00e7\u00e3o gerida ou nos servi\u00e7os prestados e permitir a recupera\u00e7\u00e3o da informa\u00e7\u00e3o afetada.<\/li>\n<\/ul>\n<h4>Esfor\u00e7amo-nos por cumprir:<\/h4>\n<ul>\n<li>RGPD\/LOPDGDD (Regulamento sobre a prote\u00e7\u00e3o de dados pessoais).<\/li>\n<li>Sistema Nacional de Seguran\u00e7a (ENS) e ISO 27001.<\/li>\n<li>As exig\u00eancias dos nossos clientes.<\/li>\n<li>As nossas pr\u00f3prias normas de seguran\u00e7a da informa\u00e7\u00e3o, baseadas nas expectativas das partes interessadas.<\/li>\n<\/ul>\n<h4>Monitorizamos a nossa <strong>cadeia de fornecimento<\/strong>, assegurando que os seus compromissos est\u00e3o alinhados com os nossos.<\/h4>\n<h4>Gerimos a seguran\u00e7a da informa\u00e7\u00e3o no desenvolvimento dos nossos produtos digitais e na presta\u00e7\u00e3o dos nossos servi\u00e7os de apoio.<\/h4>\n<h4>A fim de aplicar os princ\u00edpios da melhoria cont\u00ednua na nossa gest\u00e3o da seguran\u00e7a da informa\u00e7\u00e3o:<\/h4>\n<ul>\n<li><strong>Realizamos revis\u00f5es sistem\u00e1ticas.<\/strong><\/li>\n<li><strong>Implementamos medidas preventivas.<\/strong><\/li>\n<li>Damos <strong>forma\u00e7\u00e3o e sensibilizamos<\/strong> todos os membros da organiza\u00e7\u00e3o.<\/li>\n<\/ul>\n<p>Esta declara\u00e7\u00e3o baseia-se no documento Pol\u00edtica de Seguran\u00e7a da Informa\u00e7\u00e3o e na Pol\u00edtica da LOPDGDD para o pessoal, com mais pormenores sobre os aspectos acima mencionados.<\/p>\n<p><em>Aprovado pela Dire\u00e7\u00e3o em 18 de setembro de 2024.<\/em><\/p>\n","protected":false},"excerpt":{"rendered":"<p>COMUNICA\u00c7\u00c3O DA POL\u00cdTICA DE SEGURAN\u00c7A DA INFORMA\u00c7\u00c3O A Noray Bioinformatics,  [&#8230;]<\/p>\n","protected":false},"author":5,"featured_media":0,"parent":0,"menu_order":0,"comment_status":"closed","ping_status":"closed","template":"","meta":{"footnotes":""},"class_list":["post-88481","page","type-page","status-publish","hentry"],"_links":{"self":[{"href":"https:\/\/www.noraybio.com\/pt-pt\/wp-json\/wp\/v2\/pages\/88481","targetHints":{"allow":["GET"]}}],"collection":[{"href":"https:\/\/www.noraybio.com\/pt-pt\/wp-json\/wp\/v2\/pages"}],"about":[{"href":"https:\/\/www.noraybio.com\/pt-pt\/wp-json\/wp\/v2\/types\/page"}],"author":[{"embeddable":true,"href":"https:\/\/www.noraybio.com\/pt-pt\/wp-json\/wp\/v2\/users\/5"}],"replies":[{"embeddable":true,"href":"https:\/\/www.noraybio.com\/pt-pt\/wp-json\/wp\/v2\/comments?post=88481"}],"version-history":[{"count":0,"href":"https:\/\/www.noraybio.com\/pt-pt\/wp-json\/wp\/v2\/pages\/88481\/revisions"}],"wp:attachment":[{"href":"https:\/\/www.noraybio.com\/pt-pt\/wp-json\/wp\/v2\/media?parent=88481"}],"curies":[{"name":"wp","href":"https:\/\/api.w.org\/{rel}","templated":true}]}}